{"id":9271,"date":"2021-02-05T14:20:57","date_gmt":"2021-02-05T14:20:57","guid":{"rendered":"https:\/\/www.corpoweb.com\/?page_id=9271"},"modified":"2021-03-12T12:17:52","modified_gmt":"2021-03-12T12:17:52","slug":"diseno-de-logotipo","status":"publish","type":"page","link":"https:\/\/www.corpoweb.com\/es\/diseno-de-logotipo\/","title":{"rendered":"Tu Imagen"},"content":{"rendered":"<section class=\"l-section wpb_row height_medium\" id=\"services\"><div class=\"l-section-h i-cf\"><div class=\"g-cols vc_row type_default valign_top\"><div class=\"vc_col-sm-12 wpb_column vc_column_container\"><div class=\"vc_column-inner\"><div class=\"wpb_wrapper\"><div class=\"g-cols wpb_row  type_default valign_middle vc_inner\"><div class=\"vc_col-sm-6 wpb_column vc_column_container\"><div class=\"vc_column-inner\"><div class=\"wpb_wrapper\"><div id=\"ultimate-heading-14969e357aa834ad\" class=\"uvc-heading ult-adjust-bottom-margin ultimate-heading-14969e357aa834ad uvc-3736 \" data-hspacer=\"line_only\"  data-halign=\"left\" style=\"text-align:left\"><div class=\"uvc-main-heading ult-responsive\"  data-ultimate-target='.uvc-heading.ultimate-heading-14969e357aa834ad h2'  data-responsive-json-new='{\"font-size\":\"desktop:42px;\",\"line-height\":\"\"}' ><h2 style=\"font-weight:bold;\">Dise\u00f1o de Identidad Corporativa<\/h2><\/div><div class=\"uvc-heading-spacer line_only\" style=\"margin-top:5px;margin-bottom:10px;height:3px;\"><span class=\"uvc-headings-line\" style=\"border-style:solid;border-bottom-width:3px;border-color:#1a9b9e;width:120px;\"><\/span><\/div><\/div><div class=\"ult-spacer spacer-69e357aa83526\" data-id=\"69e357aa83526\" data-height=\"20\" data-height-mobile=\"20\" data-height-tab=\"20\" data-height-tab-portrait=\"\" data-height-mobile-landscape=\"\" style=\"clear:both;display:block;\"><\/div><div class=\"wpb_text_column\" ><div class=\"wpb_wrapper\"><p>El dise\u00f1o es el n\u00facleo de lo que hacemos. Dibujamos e ilustramos nuestros pensamientos iniciales para ofrecerte arte digital, tipograf\u00eda a medida y creaci\u00f3n de im\u00e1genes. Vivimos y respiramos el dise\u00f1o y tomamos inspiraci\u00f3n de las culturas y el entorno. A trav\u00e9s de nuestro conocimiento y experiencia, dise\u00f1amos y creamos trabajos comerciales originales con coraz\u00f3n, alma, integridad y lo m\u00e1s importante:<strong> Originalidad.<\/strong><\/p>\n<\/div><\/div><\/div><\/div><\/div><div class=\"vc_col-sm-6 wpb_column vc_column_container\"><div class=\"vc_column-inner\"><div class=\"wpb_wrapper\"><div class=\"w-image align_none animate_fade\" style=\"animation-delay:0.5s\"><div class=\"w-image-h\"><img width=\"700\" height=\"604\" src=\"https:\/\/www.corpoweb.com\/wp-content\/uploads\/2021\/02\/brand-30.png\" class=\"attachment-large size-large\" alt=\"\" decoding=\"async\" loading=\"lazy\" srcset=\"https:\/\/www.corpoweb.com\/wp-content\/uploads\/2021\/02\/brand-30.png 700w, https:\/\/www.corpoweb.com\/wp-content\/uploads\/2021\/02\/brand-30-300x259.png 300w, https:\/\/www.corpoweb.com\/wp-content\/uploads\/2021\/02\/brand-30-600x518.png 600w, https:\/\/www.corpoweb.com\/wp-content\/uploads\/2021\/02\/brand-30-64x55.png 64w\" sizes=\"(max-width: 700px) 100vw, 700px\" \/><\/div><\/div><\/div><\/div><\/div><\/div><\/div><\/div><\/div><\/div><\/div><\/section><section class=\"l-section wpb_row height_medium with_img parallax_hor bgwidth_110 with_overlay with_shape\"><div class=\"l-section-img\" style=\"background-image: url(https:\/\/www.corpoweb.com\/wp-content\/uploads\/2021\/01\/background-01.png);background-repeat: no-repeat;\" data-img-width=\"1600\" data-img-height=\"1000\"><\/div><div class=\"l-section-overlay\" style=\"background: rgba(26,155,158,0.70)\"><\/div><div class=\"l-section-shape type_wave pos_top on_front\" style=\"color:#ffffff;\"><svg xmlns=\"http:\/\/www.w3.org\/2000\/svg\" viewBox=\"0 4 64 4\" preserveAspectRatio=\"none\" width=\"100%\" height=\"100%\">\r\n\t<path fill=\"currentColor\" d=\"M64 6 C32 0 32 12 0 6 L0 8 L64 8 Z\"\/>\r\n<\/svg><\/div><div class=\"l-section-h i-cf\"><div class=\"g-cols vc_row type_default valign_top\"><div class=\"vc_col-sm-12 wpb_column vc_column_container\"><div class=\"vc_column-inner\"><div class=\"wpb_wrapper\"><div class=\"ult-spacer spacer-69e357aa87284\" data-id=\"69e357aa87284\" data-height=\"80\" data-height-mobile=\"80\" data-height-tab=\"80\" data-height-tab-portrait=\"\" data-height-mobile-landscape=\"\" style=\"clear:both;display:block;\"><\/div><div id=\"ultimate-heading-409469e357aa87307\" class=\"uvc-heading ult-adjust-bottom-margin ultimate-heading-409469e357aa87307 uvc-9554 \" data-hspacer=\"line_only\"  data-halign=\"left\" style=\"text-align:left\"><div class=\"uvc-main-heading ult-responsive\"  data-ultimate-target='.uvc-heading.ultimate-heading-409469e357aa87307 h2'  data-responsive-json-new='{\"font-size\":\"desktop:42px;\",\"line-height\":\"\"}' ><h2 style=\"font-weight:bold;color:#ffffff;\">Caracter\u00edsticas<\/h2><\/div><div class=\"uvc-heading-spacer line_only\" style=\"margin-top:5px;margin-bottom:10px;height:3px;\"><span class=\"uvc-headings-line\" style=\"border-style:solid;border-bottom-width:3px;border-color:#ffffff;width:120px;\"><\/span><\/div><\/div><div class=\"ult-spacer spacer-69e357aa87355\" data-id=\"69e357aa87355\" data-height=\"40\" data-height-mobile=\"40\" data-height-tab=\"40\" data-height-tab-portrait=\"\" data-height-mobile-landscape=\"\" style=\"clear:both;display:block;\"><\/div><div class=\"g-cols wpb_row  type_default valign_top vc_inner\"><div class=\"vc_col-sm-6 wpb_column vc_column_container has_text_color\"><div class=\"vc_column-inner us_custom_6df4bc3a\"><div class=\"wpb_wrapper\"><div class=\"aio-icon-component    style_1\"><div id=\"Info-box-wrap-4278\" class=\"aio-icon-box left-icon\" style=\"\"  ><div class=\"aio-icon-left\"><div class=\"ult-just-icon-wrapper  \"><div class=\"align-icon\" style=\"text-align:center;\">\n<div class=\"aio-icon-img \" style=\"font-size:68px;display:inline-block;\" >\n\t<img class=\"img-icon\" alt=\"null\" src=\"https:\/\/www.corpoweb.com\/wp-content\/uploads\/2021\/01\/writing.png\"\/>\n<\/div><\/div><\/div><\/div><div class=\"aio-ibd-block\"><div class=\"aio-icon-header\" ><h3 class=\"aio-icon-title ult-responsive\"  data-ultimate-target='#Info-box-wrap-4278 .aio-icon-title'  data-responsive-json-new='{\"font-size\":\"desktop:18px;\",\"line-height\":\"\"}'  style=\"font-weight:bold;\">Estrategia<\/h3><\/div> <!-- header --><div class=\"aio-icon-description ult-responsive\"  data-ultimate-target='#Info-box-wrap-4278 .aio-icon-description'  data-responsive-json-new='{\"font-size\":\"\",\"line-height\":\"\"}'  style=\"\">Es el plan que da vida a tu marca, conocemos tus resultados deseados, trazamos los puntos de contacto para involucrar, adquirir y retener a tu audiencia. El resultado: Una estrategia de marca a blindada, con claridad, confianza y un enfoque comercial de gran importancia.<\/div> <!-- description --><\/div> <!-- aio-ibd-block --><\/div> <!-- aio-icon-box --><\/div> <!-- aio-icon-component --><div class=\"ult-spacer spacer-69e357aa87ed3\" data-id=\"69e357aa87ed3\" data-height=\"15\" data-height-mobile=\"15\" data-height-tab=\"15\" data-height-tab-portrait=\"\" data-height-mobile-landscape=\"\" style=\"clear:both;display:block;\"><\/div><\/div><\/div><\/div><div class=\"vc_col-sm-6 wpb_column vc_column_container has_text_color\"><div class=\"vc_column-inner us_custom_6df4bc3a\"><div class=\"wpb_wrapper\"><div class=\"aio-icon-component    style_1\"><div id=\"Info-box-wrap-5523\" class=\"aio-icon-box left-icon\" style=\"\"  ><div class=\"aio-icon-left\"><div class=\"ult-just-icon-wrapper  \"><div class=\"align-icon\" style=\"text-align:center;\">\n<div class=\"aio-icon-img \" style=\"font-size:78px;display:inline-block;\" >\n\t<img class=\"img-icon\" alt=\"null\" src=\"https:\/\/www.corpoweb.com\/wp-content\/uploads\/2021\/01\/computer-2.png\"\/>\n<\/div><\/div><\/div><\/div><div class=\"aio-ibd-block\"><div class=\"aio-icon-header\" ><h3 class=\"aio-icon-title ult-responsive\"  data-ultimate-target='#Info-box-wrap-5523 .aio-icon-title'  data-responsive-json-new='{\"font-size\":\"desktop:18px;\",\"line-height\":\"\"}'  style=\"font-weight:bold;color:#ffffff;\">Identidad<\/h3><\/div> <!-- header --><div class=\"aio-icon-description ult-responsive\"  data-ultimate-target='#Info-box-wrap-5523 .aio-icon-description'  data-responsive-json-new='{\"font-size\":\"\",\"line-height\":\"\"}'  style=\"\">Descubrimos la identidad de tu marca y creamos el dise\u00f1o perfecto. Fusionando la creatividad con la experiencia comercial, para formar una identidad con impacto emocional. Ofreciendo un dise\u00f1o que tu audiencia nunca olvide y est\u00e9 en su top of mind.<\/div> <!-- description --><\/div> <!-- aio-ibd-block --><\/div> <!-- aio-icon-box --><\/div> <!-- aio-icon-component --><div class=\"ult-spacer spacer-69e357aa8891b\" data-id=\"69e357aa8891b\" data-height=\"15\" data-height-mobile=\"15\" data-height-tab=\"15\" data-height-tab-portrait=\"\" data-height-mobile-landscape=\"\" style=\"clear:both;display:block;\"><\/div><\/div><\/div><\/div><\/div><div class=\"g-cols wpb_row  type_default valign_top vc_inner\"><div class=\"vc_col-sm-6 wpb_column vc_column_container has_text_color\"><div class=\"vc_column-inner us_custom_6df4bc3a\"><div class=\"wpb_wrapper\"><div class=\"aio-icon-component    style_1\"><div id=\"Info-box-wrap-7382\" class=\"aio-icon-box left-icon\" style=\"\"  ><div class=\"aio-icon-left\"><div class=\"ult-just-icon-wrapper  \"><div class=\"align-icon\" style=\"text-align:center;\">\n<div class=\"aio-icon-img \" style=\"font-size:68px;display:inline-block;\" >\n\t<img class=\"img-icon\" alt=\"null\" src=\"https:\/\/www.corpoweb.com\/wp-content\/uploads\/2021\/01\/planning.png\"\/>\n<\/div><\/div><\/div><\/div><div class=\"aio-ibd-block\"><div class=\"aio-icon-header\" ><h3 class=\"aio-icon-title ult-responsive\"  data-ultimate-target='#Info-box-wrap-7382 .aio-icon-title'  data-responsive-json-new='{\"font-size\":\"desktop:18px;\",\"line-height\":\"\"}'  style=\"font-weight:bold;\">Redacci\u00f3n<\/h3><\/div> <!-- header --><div class=\"aio-icon-description ult-responsive\"  data-ultimate-target='#Info-box-wrap-7382 .aio-icon-description'  data-responsive-json-new='{\"font-size\":\"\",\"line-height\":\"\"}'  style=\"\">Nuestra redacci\u00f3n es creativa, con tono y estilo acorde a tu misi\u00f3n y visi\u00f3n. Comunicamos concepto y vendemos el sue\u00f1o, detr\u00e1s de tu producto o servicio.<\/div> <!-- description --><\/div> <!-- aio-ibd-block --><\/div> <!-- aio-icon-box --><\/div> <!-- aio-icon-component --><\/div><\/div><\/div><div class=\"vc_col-sm-6 wpb_column vc_column_container has_text_color\"><div class=\"vc_column-inner us_custom_6df4bc3a\"><div class=\"wpb_wrapper\"><div class=\"aio-icon-component    style_1\"><div id=\"Info-box-wrap-2698\" class=\"aio-icon-box left-icon\" style=\"\"  ><div class=\"aio-icon-left\"><div class=\"ult-just-icon-wrapper  \"><div class=\"align-icon\" style=\"text-align:center;\">\n<div class=\"aio-icon-img \" style=\"font-size:68px;display:inline-block;\" >\n\t<img class=\"img-icon\" alt=\"null\" src=\"https:\/\/www.corpoweb.com\/wp-content\/uploads\/2021\/02\/creativity-1.png\"\/>\n<\/div><\/div><\/div><\/div><div class=\"aio-ibd-block\"><div class=\"aio-icon-header\" ><h3 class=\"aio-icon-title ult-responsive\"  data-ultimate-target='#Info-box-wrap-2698 .aio-icon-title'  data-responsive-json-new='{\"font-size\":\"desktop:18px;\",\"line-height\":\"\"}'  style=\"font-weight:bold;color:#ffffff;\">Dise\u00f1os Complementarios<\/h3><\/div> <!-- header --><div class=\"aio-icon-description ult-responsive\"  data-ultimate-target='#Info-box-wrap-2698 .aio-icon-description'  data-responsive-json-new='{\"font-size\":\"\",\"line-height\":\"\"}'  style=\"\">Dise\u00f1amos el material de marketing y publicidad que tu negocio, producto o campa\u00f1a necesita tales como: Tarjetas de presentaci\u00f3n, Pendones, Rotulados, Flyers, Dise\u00f1o de material pop y Vallas publicitarias<\/div> <!-- description --><\/div> <!-- aio-ibd-block --><\/div> <!-- aio-icon-box --><\/div> <!-- aio-icon-component --><\/div><\/div><\/div><\/div><\/div><\/div><\/div><\/div><\/div><\/section><section class=\"l-section wpb_row height_auto\"><div class=\"l-section-h i-cf\"><div class=\"g-cols vc_row type_default valign_top\"><div class=\"vc_col-sm-12 wpb_column vc_column_container\"><div class=\"vc_column-inner\"><div class=\"wpb_wrapper\"><div class=\"w-popup align_left cotizar\"><div class=\"w-btn-wrapper\"><a class=\"w-popup-trigger type_btn w-btn us-btn-style_1\" style=\"font-size:\" href=\"javascript:void(0)\"><span class=\"w-btn-label\">\u00a1Cotizar Ahora!<\/span><\/a><\/div><div class=\"w-popup-overlay\" style=\"background:rgba(0,0,0,0.85);\"><\/div><div class=\"w-popup-wrap\"><div class=\"w-popup-box animation_fadeIn with_title\" style=\"width:600px;\"><div class=\"w-popup-box-h\"><div class=\"w-popup-box-title\" style=\"color:#ffffff;background:#015e61;\">Cotizar Servicio<\/div><div class=\"w-popup-box-content\" style=\"padding:5%;background:#ffffff;color:#015e61;\"><p style=\"text-align: center;\">\n<div class=\"wpcf7 no-js\" id=\"wpcf7-f9276-o1\" lang=\"es-ES\" dir=\"ltr\">\n<div class=\"screen-reader-response\"><p role=\"status\" aria-live=\"polite\" aria-atomic=\"true\"><\/p> <ul><\/ul><\/div>\n<form action=\"\/es\/wp-json\/wp\/v2\/pages\/9271#wpcf7-f9276-o1\" method=\"post\" class=\"wpcf7-form init\" aria-label=\"Formulario de contacto\" novalidate=\"novalidate\" data-status=\"init\">\n<div style=\"display: none;\">\n<input type=\"hidden\" name=\"_wpcf7\" value=\"9276\" \/>\n<input type=\"hidden\" name=\"_wpcf7_version\" value=\"5.8\" \/>\n<input type=\"hidden\" name=\"_wpcf7_locale\" value=\"es_ES\" \/>\n<input type=\"hidden\" name=\"_wpcf7_unit_tag\" value=\"wpcf7-f9276-o1\" \/>\n<input type=\"hidden\" name=\"_wpcf7_container_post\" value=\"0\" \/>\n<input type=\"hidden\" name=\"_wpcf7_posted_data_hash\" value=\"\" \/>\n<\/div>\n<div id=\"responsive-form\">\n\t<div class=\"form-row\">\n\t\t<div class=\"column-half\">\n\t\t\t<p><span class=\"wpcf7-form-control-wrap\" data-name=\"first-name\"><input size=\"40\" class=\"wpcf7-form-control wpcf7-text wpcf7-validates-as-required\" aria-required=\"true\" aria-invalid=\"false\" placeholder=\"Nombre y Apellido\" value=\"\" type=\"text\" name=\"first-name\" \/><\/span>\n\t\t\t<\/p>\n\t\t<\/div>\n\t\t<div class=\"column-half\">\n\t\t\t<p><span class=\"wpcf7-form-control-wrap\" data-name=\"your-email\"><input size=\"40\" class=\"wpcf7-form-control wpcf7-email wpcf7-validates-as-required wpcf7-text wpcf7-validates-as-email\" aria-required=\"true\" aria-invalid=\"false\" placeholder=\"Correo Electr\u00f3nico\" value=\"\" type=\"email\" name=\"your-email\" \/><\/span>\n\t\t\t<\/p>\n\t\t<\/div>\n\t\t<div class=\"column-half\">\n\t\t\t<p><span class=\"wpcf7-form-control-wrap\" data-name=\"your-phone\"><input size=\"40\" class=\"wpcf7-form-control wpcf7-text wpcf7-validates-as-required\" aria-required=\"true\" aria-invalid=\"false\" placeholder=\"Tel\u00e9fono\" value=\"\" type=\"text\" name=\"your-phone\" \/><\/span>\n\t\t\t<\/p>\n\t\t<\/div>\n\t\t<div class=\"column-half\">\n\t\t\t<p><span class=\"wpcf7-form-control-wrap\" data-name=\"your-empresa\"><input size=\"40\" class=\"wpcf7-form-control wpcf7-text wpcf7-validates-as-required\" aria-required=\"true\" aria-invalid=\"false\" placeholder=\"Empresa\" value=\"\" type=\"text\" name=\"your-empresa\" \/><\/span>\n\t\t\t<\/p>\n\t\t<\/div>\n\t\t<div class=\"column-full\">\n\t\t\t<p><span class=\"wpcf7-form-control-wrap\" data-name=\"menu-967\"><select class=\"wpcf7-form-control wpcf7-select\" aria-invalid=\"false\" name=\"menu-967\"><option value=\"Dise\u00f1o Web Profesional Prefabricado\">Dise\u00f1o Web Profesional Prefabricado<\/option><option value=\"Dise\u00f1o Web Informativo Personalizado\">Dise\u00f1o Web Informativo Personalizado<\/option><option value=\"Posicionamiento en Google\">Posicionamiento en Google<\/option><option value=\"Desarrollo de Tienda Online\">Desarrollo de Tienda Online<\/option><option value=\"Campa\u00f1as y Gesti\u00f3n de Redes Sociales\">Campa\u00f1as y Gesti\u00f3n de Redes Sociales<\/option><option value=\"APP y soluciones de software personalizadas\">APP y soluciones de software personalizadas<\/option><option value=\"Servicios de Soporte y IT\">Servicios de Soporte y IT<\/option><option value=\"Dise\u00f1o de Identidad Corporativa\">Dise\u00f1o de Identidad Corporativa<\/option><\/select><\/span>\n\t\t\t<\/p>\n\t\t<\/div>\n\t<\/div>\n\t<div class=\"form-row\">\n\t\t<div class=\"column-full\">\n\t\t\t<div id=\"cf7sr-69e357aa8d5f7\" class=\"cf7sr-g-recaptcha\" data-sitekey=\"6LfQcjUoAAAAAHvTAM-iAVGSBW1LB2Q7oLWrq27q\"><\/div><span class=\"wpcf7-form-control-wrap cf7sr-recaptcha\" data-name=\"cf7sr-recaptcha\"><input type=\"hidden\" name=\"cf7sr-recaptcha\" value=\"\" class=\"wpcf7-form-control\"><\/span>\n\t\t\t<\/p>\n\t\t<\/div>\n\t<\/div>\n\t<div class=\"form-row\">\n\t\t<div class=\"column-full\">\n\t\t\t<p><input class=\"wpcf7-form-control wpcf7-submit has-spinner\" type=\"submit\" value=\"\u00a1COTIZAR AHORA!\" \/>\n\t\t\t<\/p>\n\t\t<\/div>\n\t<\/div>\n<\/div>\n<div class=\"wpcf7-response-output\" aria-hidden=\"true\"><\/div>\n<\/form>\n<\/div>\n<\/div><\/div><\/div><div class=\"w-popup-closer\" style=\"background:#ffffff;color:#015e61;\"><\/div><\/div><\/div><\/div><\/div><\/div><\/div><\/div><\/section>\n","protected":false},"excerpt":{"rendered":"Dise\u00f1o de Identidad CorporativaEl dise\u00f1o es el n\u00facleo de lo que hacemos. Dibujamos e ilustramos nuestros pensamientos iniciales para ofrecerte arte digital, tipograf\u00eda a medida y creaci\u00f3n de im\u00e1genes. Vivimos y respiramos el dise\u00f1o y tomamos inspiraci\u00f3n de las culturas y el entorno. A trav\u00e9s de nuestro conocimiento y experiencia, dise\u00f1amos y creamos trabajos comerciales...","protected":false},"author":1,"featured_media":0,"parent":0,"menu_order":0,"comment_status":"closed","ping_status":"closed","template":"","meta":{"footnotes":""},"acf":[],"yoast_head":"<!-- This site is optimized with the Yoast SEO plugin v16.5 - https:\/\/yoast.com\/wordpress\/plugins\/seo\/ -->\n<title>Tu Imagen - Corpoweb Solutions LLC<\/title>\n<meta name=\"robots\" content=\"index, follow, max-snippet:-1, max-image-preview:large, max-video-preview:-1\" \/>\n<link rel=\"canonical\" href=\"https:\/\/www.corpoweb.com\/es\/diseno-de-logotipo\/\" \/>\n<meta property=\"og:locale\" content=\"es_ES\" \/>\n<meta property=\"og:type\" content=\"article\" \/>\n<meta property=\"og:title\" content=\"Tu Imagen - Corpoweb Solutions LLC\" \/>\n<meta property=\"og:url\" content=\"https:\/\/www.corpoweb.com\/es\/diseno-de-logotipo\/\" \/>\n<meta property=\"og:site_name\" content=\"Corpoweb Solutions LLC\" \/>\n<meta property=\"article:modified_time\" content=\"2021-03-12T12:17:52+00:00\" \/>\n<meta name=\"twitter:card\" content=\"summary_large_image\" \/>\n<meta name=\"twitter:label1\" content=\"Tiempo de lectura\" \/>\n\t<meta name=\"twitter:data1\" content=\"5 minutos\" \/>\n<script type=\"application\/ld+json\" class=\"yoast-schema-graph\">{\"@context\":\"https:\/\/schema.org\",\"@graph\":[{\"@type\":\"WebSite\",\"@id\":\"https:\/\/www.corpoweb.com\/#website\",\"url\":\"https:\/\/www.corpoweb.com\/\",\"name\":\"Corpoweb Solutions LLC\",\"description\":\"We are an agency with 21 years of experience in web design, web development, graphic design, advertising, multimedia presentations and virtual catalogues in Orlando Florida\",\"potentialAction\":[{\"@type\":\"SearchAction\",\"target\":\"https:\/\/www.corpoweb.com\/?s={search_term_string}\",\"query-input\":\"required name=search_term_string\"}],\"inLanguage\":\"es\"},{\"@type\":\"WebPage\",\"@id\":\"https:\/\/www.corpoweb.com\/es\/diseno-de-logotipo\/#webpage\",\"url\":\"https:\/\/www.corpoweb.com\/es\/diseno-de-logotipo\/\",\"name\":\"Tu Imagen - Corpoweb Solutions LLC\",\"isPartOf\":{\"@id\":\"https:\/\/www.corpoweb.com\/#website\"},\"datePublished\":\"2021-02-05T14:20:57+00:00\",\"dateModified\":\"2021-03-12T12:17:52+00:00\",\"breadcrumb\":{\"@id\":\"https:\/\/www.corpoweb.com\/es\/diseno-de-logotipo\/#breadcrumb\"},\"inLanguage\":\"es\",\"potentialAction\":[{\"@type\":\"ReadAction\",\"target\":[\"https:\/\/www.corpoweb.com\/es\/diseno-de-logotipo\/\"]}]},{\"@type\":\"BreadcrumbList\",\"@id\":\"https:\/\/www.corpoweb.com\/es\/diseno-de-logotipo\/#breadcrumb\",\"itemListElement\":[{\"@type\":\"ListItem\",\"position\":1,\"name\":\"Home\",\"item\":\"https:\/\/www.corpoweb.com\/es\/\"},{\"@type\":\"ListItem\",\"position\":2,\"name\":\"Tu Imagen\"}]}]}<\/script>\n<!-- \/ Yoast SEO plugin. -->","_links":{"self":[{"href":"https:\/\/www.corpoweb.com\/es\/wp-json\/wp\/v2\/pages\/9271"}],"collection":[{"href":"https:\/\/www.corpoweb.com\/es\/wp-json\/wp\/v2\/pages"}],"about":[{"href":"https:\/\/www.corpoweb.com\/es\/wp-json\/wp\/v2\/types\/page"}],"author":[{"embeddable":true,"href":"https:\/\/www.corpoweb.com\/es\/wp-json\/wp\/v2\/users\/1"}],"replies":[{"embeddable":true,"href":"https:\/\/www.corpoweb.com\/es\/wp-json\/wp\/v2\/comments?post=9271"}],"version-history":[{"count":15,"href":"https:\/\/www.corpoweb.com\/es\/wp-json\/wp\/v2\/pages\/9271\/revisions"}],"predecessor-version":[{"id":11909,"href":"https:\/\/www.corpoweb.com\/es\/wp-json\/wp\/v2\/pages\/9271\/revisions\/11909"}],"wp:attachment":[{"href":"https:\/\/www.corpoweb.com\/es\/wp-json\/wp\/v2\/media?parent=9271"}],"curies":[{"name":"wp","href":"https:\/\/api.w.org\/{rel}","templated":true}]}}