{"id":546,"date":"2021-01-22T21:06:37","date_gmt":"2021-01-22T21:06:37","guid":{"rendered":"https:\/\/www.corpoweb.com\/?page_id=546"},"modified":"2021-05-21T20:19:18","modified_gmt":"2021-05-21T20:19:18","slug":"soporte-it","status":"publish","type":"page","link":"https:\/\/www.corpoweb.com\/es\/soporte-it\/","title":{"rendered":"Servicio de Soporte e IT"},"content":{"rendered":"<section class=\"l-section wpb_row height_medium\" id=\"services\"><div class=\"l-section-h i-cf\"><div class=\"g-cols vc_row type_default valign_top\"><div class=\"vc_col-sm-12 wpb_column vc_column_container\"><div class=\"vc_column-inner\"><div class=\"wpb_wrapper\"><div class=\"g-cols wpb_row  type_default valign_middle vc_inner\"><div class=\"vc_col-sm-6 wpb_column vc_column_container\"><div class=\"vc_column-inner\"><div class=\"wpb_wrapper\"><div id=\"ultimate-heading-386269f29fc0c6d2c\" class=\"uvc-heading ult-adjust-bottom-margin ultimate-heading-386269f29fc0c6d2c uvc-0 \" data-hspacer=\"line_only\"  data-halign=\"left\" style=\"text-align:left\"><div class=\"uvc-main-heading ult-responsive\"  data-ultimate-target='.uvc-heading.ultimate-heading-386269f29fc0c6d2c h2'  data-responsive-json-new='{\"font-size\":\"desktop:42px;\",\"line-height\":\"\"}' ><h2 style=\"font-weight:bold;\">Soporte Remoto<\/h2><\/div><div class=\"uvc-heading-spacer line_only\" style=\"margin-top:5px;margin-bottom:10px;height:3px;\"><span class=\"uvc-headings-line\" style=\"border-style:solid;border-bottom-width:3px;border-color:#1a9b9e;width:120px;\"><\/span><\/div><\/div><div class=\"ult-spacer spacer-69f29fc0c6d8d\" data-id=\"69f29fc0c6d8d\" data-height=\"20\" data-height-mobile=\"20\" data-height-tab=\"20\" data-height-tab-portrait=\"\" data-height-mobile-landscape=\"\" style=\"clear:both;display:block;\"><\/div><div class=\"wpb_text_column\" ><div class=\"wpb_wrapper\"><p>Nuestros servicios de soporte t\u00e9cnico est\u00e1n disponibles para ayudarte con tus dispositivos. \u00bfTienes problemas con la velocidad del computador? \u00bfTienes problemas con la impresora? \u00bfTienes problemas con las aplicaciones y la instalaci\u00f3n de alg\u00fan software? Hay momentos donde la tecnolog\u00eda colapsa y no sabes como solucionarlo. <strong>Pero no te preocupes cuentas con un equipo de agentes dispuestos a ofrecerte la gu\u00eda y el soporte que necesita<\/strong>s.<\/p>\n<\/div><\/div><\/div><\/div><\/div><div class=\"vc_col-sm-6 wpb_column vc_column_container\"><div class=\"vc_column-inner\"><div class=\"wpb_wrapper\"><div class=\"w-image align_none animate_fade\" style=\"animation-delay:0.5s\"><div class=\"w-image-h\"><img width=\"800\" height=\"714\" src=\"https:\/\/www.corpoweb.com\/wp-content\/uploads\/2021\/01\/support-1.png\" class=\"attachment-large size-large\" alt=\"\" decoding=\"async\" loading=\"lazy\" srcset=\"https:\/\/www.corpoweb.com\/wp-content\/uploads\/2021\/01\/support-1.png 800w, https:\/\/www.corpoweb.com\/wp-content\/uploads\/2021\/01\/support-1-300x268.png 300w, https:\/\/www.corpoweb.com\/wp-content\/uploads\/2021\/01\/support-1-600x536.png 600w, https:\/\/www.corpoweb.com\/wp-content\/uploads\/2021\/01\/support-1-64x57.png 64w\" sizes=\"(max-width: 800px) 100vw, 800px\" \/><\/div><\/div><\/div><\/div><\/div><\/div><\/div><\/div><\/div><\/div><\/div><\/section><section class=\"l-section wpb_row height_medium with_img parallax_hor bgwidth_110 with_overlay with_shape\"><div class=\"l-section-img\" style=\"background-image: url(https:\/\/www.corpoweb.com\/wp-content\/uploads\/2021\/01\/background-01.png);background-repeat: no-repeat;\" data-img-width=\"1600\" data-img-height=\"1000\"><\/div><div class=\"l-section-overlay\" style=\"background: rgba(26,155,158,0.70)\"><\/div><div class=\"l-section-shape type_wave pos_top on_front\" style=\"color:#ffffff;\"><svg xmlns=\"http:\/\/www.w3.org\/2000\/svg\" viewBox=\"0 4 64 4\" preserveAspectRatio=\"none\" width=\"100%\" height=\"100%\">\r\n\t<path fill=\"currentColor\" d=\"M64 6 C32 0 32 12 0 6 L0 8 L64 8 Z\"\/>\r\n<\/svg><\/div><div class=\"l-section-shape type_wave pos_bottom on_front hor_flip\" style=\"color:#ffffff;height:8vh;\"><svg xmlns=\"http:\/\/www.w3.org\/2000\/svg\" viewBox=\"0 4 64 4\" preserveAspectRatio=\"none\" width=\"100%\" height=\"100%\">\r\n\t<path fill=\"currentColor\" d=\"M64 6 C32 0 32 12 0 6 L0 8 L64 8 Z\"\/>\r\n<\/svg><\/div><div class=\"l-section-h i-cf\"><div class=\"g-cols vc_row type_default valign_top\"><div class=\"vc_col-sm-12 wpb_column vc_column_container\"><div class=\"vc_column-inner\"><div class=\"wpb_wrapper\"><div class=\"ult-spacer spacer-69f29fc0cb0e9\" data-id=\"69f29fc0cb0e9\" data-height=\"80\" data-height-mobile=\"80\" data-height-tab=\"80\" data-height-tab-portrait=\"\" data-height-mobile-landscape=\"\" style=\"clear:both;display:block;\"><\/div><div id=\"ultimate-heading-200669f29fc0d46e3\" class=\"uvc-heading ult-adjust-bottom-margin ultimate-heading-200669f29fc0d46e3 uvc-6016 \" data-hspacer=\"line_only\"  data-halign=\"left\" style=\"text-align:left\"><div class=\"uvc-main-heading ult-responsive\"  data-ultimate-target='.uvc-heading.ultimate-heading-200669f29fc0d46e3 h2'  data-responsive-json-new='{\"font-size\":\"desktop:42px;\",\"line-height\":\"\"}' ><h2 style=\"font-weight:bold;color:#ffffff;\">Caracter\u00edsticas<\/h2><\/div><div class=\"uvc-heading-spacer line_only\" style=\"margin-top:5px;margin-bottom:10px;height:3px;\"><span class=\"uvc-headings-line\" style=\"border-style:solid;border-bottom-width:3px;border-color:#ffffff;width:120px;\"><\/span><\/div><\/div><div class=\"ult-spacer spacer-69f29fc0d475d\" data-id=\"69f29fc0d475d\" data-height=\"40\" data-height-mobile=\"40\" data-height-tab=\"40\" data-height-tab-portrait=\"\" data-height-mobile-landscape=\"\" style=\"clear:both;display:block;\"><\/div><div class=\"g-cols wpb_row  type_default valign_top vc_inner\"><div class=\"vc_col-sm-6 wpb_column vc_column_container has_text_color\"><div class=\"vc_column-inner us_custom_6df4bc3a\"><div class=\"wpb_wrapper\"><div class=\"aio-icon-component    style_1\"><div id=\"Info-box-wrap-6107\" class=\"aio-icon-box left-icon\" style=\"\"  ><div class=\"aio-icon-left\"><div class=\"ult-just-icon-wrapper  \"><div class=\"align-icon\" style=\"text-align:center;\">\n<div class=\"aio-icon-img \" style=\"font-size:68px;display:inline-block;\" >\n\t<img class=\"img-icon\" alt=\"null\" src=\"https:\/\/www.corpoweb.com\/wp-content\/uploads\/2021\/01\/website-1.png\"\/>\n<\/div><\/div><\/div><\/div><div class=\"aio-ibd-block\"><div class=\"aio-icon-header\" ><h3 class=\"aio-icon-title ult-responsive\"  data-ultimate-target='#Info-box-wrap-6107 .aio-icon-title'  data-responsive-json-new='{\"font-size\":\"desktop:18px;\",\"line-height\":\"\"}'  style=\"font-weight:bold;\">Soporte al Computador<\/h3><\/div> <!-- header --><div class=\"aio-icon-description ult-responsive\"  data-ultimate-target='#Info-box-wrap-6107 .aio-icon-description'  data-responsive-json-new='{\"font-size\":\"\",\"line-height\":\"\"}'  style=\"\">\n<ul>\n<li>Reparaci\u00f3n de Computadoras y Soporte<\/li>\n<li>Configuraci\u00f3n de Dispositivo en el Hogar<\/li>\n<li>Mejora de Rendimiento de la Computadora<\/li>\n<li>Copia de Seguridad o Transferencia de Datos en el Sitio.<\/li>\n<li>Configuraci\u00f3n de Nuevas Computadoras<\/li>\n<li>Eliminaci\u00f3n y Limpieza de Virus<\/li>\n<li>Configuraci\u00f3n de la Impresora<\/li>\n<li>Configuraci\u00f3n o Soporte de Correo Electr\u00f3nico<\/li>\n<li>Hora de Entrenamiento de Computadora<\/li>\n<li>Sistema Operativo, Instalar o Reinstalar<\/li>\n<li>Soluci\u00f3n de Problemas o Reparaci\u00f3n de la Impresora<\/li>\n<li>Reinicio de la unidad de disco duro<\/li>\n<li>Instalaci\u00f3n de hardware in situ<\/li>\n<li>Instalaci\u00f3n del software \/ Soluci\u00f3n de problemas \/ Eliminaci\u00f3n<\/li>\n<\/ul>\n<\/div> <!-- description --><\/div> <!-- aio-ibd-block --><\/div> <!-- aio-icon-box --><\/div> <!-- aio-icon-component --><\/div><\/div><\/div><div class=\"vc_col-sm-6 wpb_column vc_column_container has_text_color\"><div class=\"vc_column-inner us_custom_6df4bc3a\"><div class=\"wpb_wrapper\"><div class=\"aio-icon-component    style_1\"><div id=\"Info-box-wrap-5577\" class=\"aio-icon-box left-icon\" style=\"\"  ><div class=\"aio-icon-left\"><div class=\"ult-just-icon-wrapper  \"><div class=\"align-icon\" style=\"text-align:center;\">\n<div class=\"aio-icon-img \" style=\"font-size:78px;display:inline-block;\" >\n\t<img class=\"img-icon\" alt=\"null\" src=\"https:\/\/www.corpoweb.com\/wp-content\/uploads\/2021\/01\/settings-1.png\"\/>\n<\/div><\/div><\/div><\/div><div class=\"aio-ibd-block\"><div class=\"aio-icon-header\" ><h3 class=\"aio-icon-title ult-responsive\"  data-ultimate-target='#Info-box-wrap-5577 .aio-icon-title'  data-responsive-json-new='{\"font-size\":\"desktop:18px;\",\"line-height\":\"\"}'  style=\"font-weight:bold;color:#ffffff;\">Configuraci\u00f3n e Instalaci\u00f3n<\/h3><\/div> <!-- header --><div class=\"aio-icon-description ult-responsive\"  data-ultimate-target='#Info-box-wrap-5577 .aio-icon-description'  data-responsive-json-new='{\"font-size\":\"\",\"line-height\":\"\"}'  style=\"\">\n<ul>\n<li>Configuraci\u00f3n de PC, Mac y Tablet<\/li>\n<li>Instalaci\u00f3n de Tablet Shield<\/li>\n<li>Instalaci\u00f3n y Activaci\u00f3n Antivirus<\/li>\n<li>Soporte de navegadores<\/li>\n<li>Instalaci\u00f3n de software en l\u00ednea o instalaci\u00f3n de correo electr\u00f3nico<\/li>\n<\/ul>\n<\/div> <!-- description --><\/div> <!-- aio-ibd-block --><\/div> <!-- aio-icon-box --><\/div> <!-- aio-icon-component --><div class=\"ult-spacer spacer-69f29fc0d5e71\" data-id=\"69f29fc0d5e71\" data-height=\"15\" data-height-mobile=\"15\" data-height-tab=\"15\" data-height-tab-portrait=\"\" data-height-mobile-landscape=\"\" style=\"clear:both;display:block;\"><\/div><div class=\"aio-icon-component    style_1\"><div id=\"Info-box-wrap-6824\" class=\"aio-icon-box left-icon\" style=\"\"  ><div class=\"aio-icon-left\"><div class=\"ult-just-icon-wrapper  \"><div class=\"align-icon\" style=\"text-align:center;\">\n<div class=\"aio-icon-img \" style=\"font-size:68px;display:inline-block;\" >\n\t<img class=\"img-icon\" alt=\"null\" src=\"https:\/\/www.corpoweb.com\/wp-content\/uploads\/2021\/01\/wifi-signal.png\"\/>\n<\/div><\/div><\/div><\/div><div class=\"aio-ibd-block\"><div class=\"aio-icon-header\" ><h3 class=\"aio-icon-title ult-responsive\"  data-ultimate-target='#Info-box-wrap-6824 .aio-icon-title'  data-responsive-json-new='{\"font-size\":\"desktop:18px;\",\"line-height\":\"\"}'  style=\"font-weight:bold;color:#ffffff;\">Wifi y Redes<\/h3><\/div> <!-- header --><div class=\"aio-icon-description ult-responsive\"  data-ultimate-target='#Info-box-wrap-6824 .aio-icon-description'  data-responsive-json-new='{\"font-size\":\"\",\"line-height\":\"\"}'  style=\"\">\n<ul>\n<li>Compatibilidad con Wifi y conectividad de red<\/li>\n<li>Nueva configuraci\u00f3n de conexi\u00f3n Wifi<\/li>\n<li>Extensi\u00f3n de se\u00f1al Wifi<\/li>\n<\/ul>\n<\/div> <!-- description --><\/div> <!-- aio-ibd-block --><\/div> <!-- aio-icon-box --><\/div> <!-- aio-icon-component --><div class=\"ult-spacer spacer-69f29fc0d65da\" data-id=\"69f29fc0d65da\" data-height=\"15\" data-height-mobile=\"15\" data-height-tab=\"15\" data-height-tab-portrait=\"\" data-height-mobile-landscape=\"\" style=\"clear:both;display:block;\"><\/div><div class=\"aio-icon-component    style_1\"><div id=\"Info-box-wrap-5328\" class=\"aio-icon-box left-icon\" style=\"\"  ><div class=\"aio-icon-left\"><div class=\"ult-just-icon-wrapper  \"><div class=\"align-icon\" style=\"text-align:center;\">\n<div class=\"aio-icon-img \" style=\"font-size:68px;display:inline-block;\" >\n\t<img class=\"img-icon\" alt=\"null\" src=\"https:\/\/www.corpoweb.com\/wp-content\/uploads\/2021\/01\/smartphone.png\"\/>\n<\/div><\/div><\/div><\/div><div class=\"aio-ibd-block\"><div class=\"aio-icon-header\" ><h3 class=\"aio-icon-title ult-responsive\"  data-ultimate-target='#Info-box-wrap-5328 .aio-icon-title'  data-responsive-json-new='{\"font-size\":\"desktop:18px;\",\"line-height\":\"\"}'  style=\"font-weight:bold;color:#ffffff;\">Tel\u00e9fonos y Tablets<\/h3><\/div> <!-- header --><div class=\"aio-icon-description ult-responsive\"  data-ultimate-target='#Info-box-wrap-5328 .aio-icon-description'  data-responsive-json-new='{\"font-size\":\"\",\"line-height\":\"\"}'  style=\"\">\n<ul>\n<li>Nueva configuraci\u00f3n de dispositivo m\u00f3vil<\/li>\n<li>Soporte de dispositivo m\u00f3vil<\/li>\n<li>Configuraci\u00f3n de correo electr\u00f3nico o soluci\u00f3n de problemas<\/li>\n<li>Restaurar la configuraci\u00f3n de f\u00e1brica<\/li>\n<\/ul>\n<\/div> <!-- description --><\/div> <!-- aio-ibd-block --><\/div> <!-- aio-icon-box --><\/div> <!-- aio-icon-component --><\/div><\/div><\/div><\/div><\/div><\/div><\/div><\/div><\/div><\/section><section class=\"l-section wpb_row height_auto\"><div class=\"l-section-h i-cf\"><div class=\"g-cols vc_row type_default valign_top\"><div class=\"vc_col-sm-12 wpb_column vc_column_container\"><div class=\"vc_column-inner\"><div class=\"wpb_wrapper\"><div class=\"w-popup align_left cotizar\"><div class=\"w-btn-wrapper\"><a class=\"w-popup-trigger type_btn w-btn us-btn-style_1\" style=\"font-size:\" href=\"javascript:void(0)\"><span class=\"w-btn-label\">\u00a1Cotizar Ahora!<\/span><\/a><\/div><div class=\"w-popup-overlay\" style=\"background:rgba(0,0,0,0.85);\"><\/div><div class=\"w-popup-wrap\"><div class=\"w-popup-box animation_fadeIn with_title\" style=\"width:600px;\"><div class=\"w-popup-box-h\"><div class=\"w-popup-box-title\" style=\"color:#ffffff;background:#015e61;\">Cotizar Servicio<\/div><div class=\"w-popup-box-content\" style=\"padding:5%;background:#ffffff;color:#015e61;\"><p style=\"text-align: center;\">\n<div class=\"wpcf7 no-js\" id=\"wpcf7-f9276-o1\" lang=\"es-ES\" dir=\"ltr\">\n<div class=\"screen-reader-response\"><p role=\"status\" aria-live=\"polite\" aria-atomic=\"true\"><\/p> <ul><\/ul><\/div>\n<form action=\"\/es\/wp-json\/wp\/v2\/pages\/546#wpcf7-f9276-o1\" method=\"post\" class=\"wpcf7-form init\" aria-label=\"Formulario de contacto\" novalidate=\"novalidate\" data-status=\"init\">\n<div style=\"display: none;\">\n<input type=\"hidden\" name=\"_wpcf7\" value=\"9276\" \/>\n<input type=\"hidden\" name=\"_wpcf7_version\" value=\"5.8\" \/>\n<input type=\"hidden\" name=\"_wpcf7_locale\" value=\"es_ES\" \/>\n<input type=\"hidden\" name=\"_wpcf7_unit_tag\" value=\"wpcf7-f9276-o1\" \/>\n<input type=\"hidden\" name=\"_wpcf7_container_post\" value=\"0\" \/>\n<input type=\"hidden\" name=\"_wpcf7_posted_data_hash\" value=\"\" \/>\n<\/div>\n<div id=\"responsive-form\">\n\t<div class=\"form-row\">\n\t\t<div class=\"column-half\">\n\t\t\t<p><span class=\"wpcf7-form-control-wrap\" data-name=\"first-name\"><input size=\"40\" class=\"wpcf7-form-control wpcf7-text wpcf7-validates-as-required\" aria-required=\"true\" aria-invalid=\"false\" placeholder=\"Nombre y Apellido\" value=\"\" type=\"text\" name=\"first-name\" \/><\/span>\n\t\t\t<\/p>\n\t\t<\/div>\n\t\t<div class=\"column-half\">\n\t\t\t<p><span class=\"wpcf7-form-control-wrap\" data-name=\"your-email\"><input size=\"40\" class=\"wpcf7-form-control wpcf7-email wpcf7-validates-as-required wpcf7-text wpcf7-validates-as-email\" aria-required=\"true\" aria-invalid=\"false\" placeholder=\"Correo Electr\u00f3nico\" value=\"\" type=\"email\" name=\"your-email\" \/><\/span>\n\t\t\t<\/p>\n\t\t<\/div>\n\t\t<div class=\"column-half\">\n\t\t\t<p><span class=\"wpcf7-form-control-wrap\" data-name=\"your-phone\"><input size=\"40\" class=\"wpcf7-form-control wpcf7-text wpcf7-validates-as-required\" aria-required=\"true\" aria-invalid=\"false\" placeholder=\"Tel\u00e9fono\" value=\"\" type=\"text\" name=\"your-phone\" \/><\/span>\n\t\t\t<\/p>\n\t\t<\/div>\n\t\t<div class=\"column-half\">\n\t\t\t<p><span class=\"wpcf7-form-control-wrap\" data-name=\"your-empresa\"><input size=\"40\" class=\"wpcf7-form-control wpcf7-text wpcf7-validates-as-required\" aria-required=\"true\" aria-invalid=\"false\" placeholder=\"Empresa\" value=\"\" type=\"text\" name=\"your-empresa\" \/><\/span>\n\t\t\t<\/p>\n\t\t<\/div>\n\t\t<div class=\"column-full\">\n\t\t\t<p><span class=\"wpcf7-form-control-wrap\" data-name=\"menu-967\"><select class=\"wpcf7-form-control wpcf7-select\" aria-invalid=\"false\" name=\"menu-967\"><option value=\"Dise\u00f1o Web Profesional Prefabricado\">Dise\u00f1o Web Profesional Prefabricado<\/option><option value=\"Dise\u00f1o Web Informativo Personalizado\">Dise\u00f1o Web Informativo Personalizado<\/option><option value=\"Posicionamiento en Google\">Posicionamiento en Google<\/option><option value=\"Desarrollo de Tienda Online\">Desarrollo de Tienda Online<\/option><option value=\"Campa\u00f1as y Gesti\u00f3n de Redes Sociales\">Campa\u00f1as y Gesti\u00f3n de Redes Sociales<\/option><option value=\"APP y soluciones de software personalizadas\">APP y soluciones de software personalizadas<\/option><option value=\"Servicios de Soporte y IT\">Servicios de Soporte y IT<\/option><option value=\"Dise\u00f1o de Identidad Corporativa\">Dise\u00f1o de Identidad Corporativa<\/option><\/select><\/span>\n\t\t\t<\/p>\n\t\t<\/div>\n\t<\/div>\n\t<div class=\"form-row\">\n\t\t<div class=\"column-full\">\n\t\t\t<div id=\"cf7sr-69f29fc0d8ace\" class=\"cf7sr-g-recaptcha\" data-sitekey=\"6LfQcjUoAAAAAHvTAM-iAVGSBW1LB2Q7oLWrq27q\"><\/div><span class=\"wpcf7-form-control-wrap cf7sr-recaptcha\" data-name=\"cf7sr-recaptcha\"><input type=\"hidden\" name=\"cf7sr-recaptcha\" value=\"\" class=\"wpcf7-form-control\"><\/span>\n\t\t\t<\/p>\n\t\t<\/div>\n\t<\/div>\n\t<div class=\"form-row\">\n\t\t<div class=\"column-full\">\n\t\t\t<p><input class=\"wpcf7-form-control wpcf7-submit has-spinner\" type=\"submit\" value=\"\u00a1COTIZAR AHORA!\" \/>\n\t\t\t<\/p>\n\t\t<\/div>\n\t<\/div>\n<\/div>\n<div class=\"wpcf7-response-output\" aria-hidden=\"true\"><\/div>\n<\/form>\n<\/div>\n<\/div><\/div><\/div><div class=\"w-popup-closer\" style=\"background:#ffffff;color:#015e61;\"><\/div><\/div><\/div><\/div><\/div><\/div><\/div><\/div><\/section>\n","protected":false},"excerpt":{"rendered":"Soporte RemotoNuestros servicios de soporte t\u00e9cnico est\u00e1n disponibles para ayudarte con tus dispositivos. \u00bfTienes problemas con la velocidad del computador? \u00bfTienes problemas con la impresora? \u00bfTienes problemas con las aplicaciones y la instalaci\u00f3n de alg\u00fan software? Hay momentos donde la tecnolog\u00eda colapsa y no sabes como solucionarlo. Pero no te preocupes cuentas con un equipo...","protected":false},"author":1,"featured_media":0,"parent":0,"menu_order":0,"comment_status":"closed","ping_status":"closed","template":"","meta":{"footnotes":""},"acf":[],"yoast_head":"<!-- This site is optimized with the Yoast SEO plugin v16.5 - https:\/\/yoast.com\/wordpress\/plugins\/seo\/ -->\n<title>Servicio de Soporte e IT - Corpoweb Solutions LLC<\/title>\n<meta name=\"robots\" content=\"index, follow, max-snippet:-1, max-image-preview:large, max-video-preview:-1\" \/>\n<link rel=\"canonical\" href=\"https:\/\/www.corpoweb.com\/es\/soporte-it\/\" \/>\n<meta property=\"og:locale\" content=\"es_ES\" \/>\n<meta property=\"og:type\" content=\"article\" \/>\n<meta property=\"og:title\" content=\"Servicio de Soporte e IT - Corpoweb Solutions LLC\" \/>\n<meta property=\"og:url\" content=\"https:\/\/www.corpoweb.com\/es\/soporte-it\/\" \/>\n<meta property=\"og:site_name\" content=\"Corpoweb Solutions LLC\" \/>\n<meta property=\"article:modified_time\" content=\"2021-05-21T20:19:18+00:00\" \/>\n<meta name=\"twitter:card\" content=\"summary_large_image\" \/>\n<meta name=\"twitter:label1\" content=\"Tiempo de lectura\" \/>\n\t<meta name=\"twitter:data1\" content=\"5 minutos\" \/>\n<script type=\"application\/ld+json\" class=\"yoast-schema-graph\">{\"@context\":\"https:\/\/schema.org\",\"@graph\":[{\"@type\":\"WebSite\",\"@id\":\"https:\/\/www.corpoweb.com\/#website\",\"url\":\"https:\/\/www.corpoweb.com\/\",\"name\":\"Corpoweb Solutions LLC\",\"description\":\"We are an agency with 21 years of experience in web design, web development, graphic design, advertising, multimedia presentations and virtual catalogues in Orlando Florida\",\"potentialAction\":[{\"@type\":\"SearchAction\",\"target\":\"https:\/\/www.corpoweb.com\/?s={search_term_string}\",\"query-input\":\"required name=search_term_string\"}],\"inLanguage\":\"es\"},{\"@type\":\"WebPage\",\"@id\":\"https:\/\/www.corpoweb.com\/es\/soporte-it\/#webpage\",\"url\":\"https:\/\/www.corpoweb.com\/es\/soporte-it\/\",\"name\":\"Servicio de Soporte e IT - Corpoweb Solutions LLC\",\"isPartOf\":{\"@id\":\"https:\/\/www.corpoweb.com\/#website\"},\"datePublished\":\"2021-01-22T21:06:37+00:00\",\"dateModified\":\"2021-05-21T20:19:18+00:00\",\"breadcrumb\":{\"@id\":\"https:\/\/www.corpoweb.com\/es\/soporte-it\/#breadcrumb\"},\"inLanguage\":\"es\",\"potentialAction\":[{\"@type\":\"ReadAction\",\"target\":[\"https:\/\/www.corpoweb.com\/es\/soporte-it\/\"]}]},{\"@type\":\"BreadcrumbList\",\"@id\":\"https:\/\/www.corpoweb.com\/es\/soporte-it\/#breadcrumb\",\"itemListElement\":[{\"@type\":\"ListItem\",\"position\":1,\"name\":\"Home\",\"item\":\"https:\/\/www.corpoweb.com\/es\/\"},{\"@type\":\"ListItem\",\"position\":2,\"name\":\"Servicio de Soporte e IT\"}]}]}<\/script>\n<!-- \/ Yoast SEO plugin. -->","_links":{"self":[{"href":"https:\/\/www.corpoweb.com\/es\/wp-json\/wp\/v2\/pages\/546"}],"collection":[{"href":"https:\/\/www.corpoweb.com\/es\/wp-json\/wp\/v2\/pages"}],"about":[{"href":"https:\/\/www.corpoweb.com\/es\/wp-json\/wp\/v2\/types\/page"}],"author":[{"embeddable":true,"href":"https:\/\/www.corpoweb.com\/es\/wp-json\/wp\/v2\/users\/1"}],"replies":[{"embeddable":true,"href":"https:\/\/www.corpoweb.com\/es\/wp-json\/wp\/v2\/comments?post=546"}],"version-history":[{"count":19,"href":"https:\/\/www.corpoweb.com\/es\/wp-json\/wp\/v2\/pages\/546\/revisions"}],"predecessor-version":[{"id":11940,"href":"https:\/\/www.corpoweb.com\/es\/wp-json\/wp\/v2\/pages\/546\/revisions\/11940"}],"wp:attachment":[{"href":"https:\/\/www.corpoweb.com\/es\/wp-json\/wp\/v2\/media?parent=546"}],"curies":[{"name":"wp","href":"https:\/\/api.w.org\/{rel}","templated":true}]}}