{"id":12084,"date":"2021-08-12T17:49:47","date_gmt":"2021-08-12T17:49:47","guid":{"rendered":"https:\/\/www.corpoweb.com\/?page_id=12084"},"modified":"2021-08-12T18:03:33","modified_gmt":"2021-08-12T18:03:33","slug":"privacy-policies","status":"publish","type":"page","link":"https:\/\/www.corpoweb.com\/es\/privacy-policies\/","title":{"rendered":"Pol\u00edticas de privacidad"},"content":{"rendered":"<section class=\"l-section wpb_row height_medium\" id=\"services\"><div class=\"l-section-h i-cf\"><div class=\"g-cols vc_row type_default valign_top\"><div class=\"vc_col-sm-12 wpb_column vc_column_container\"><div class=\"vc_column-inner\"><div class=\"wpb_wrapper\"><div class=\"g-cols wpb_row  type_default valign_middle vc_inner\"><div class=\"vc_col-sm-6 wpb_column vc_column_container\"><div class=\"vc_column-inner\"><div class=\"wpb_wrapper\"><div id=\"ultimate-heading-21569e89da641947\" class=\"uvc-heading ult-adjust-bottom-margin ultimate-heading-21569e89da641947 uvc-9832 \" data-hspacer=\"line_only\"  data-halign=\"left\" style=\"text-align:left\"><div class=\"uvc-main-heading ult-responsive\"  data-ultimate-target='.uvc-heading.ultimate-heading-21569e89da641947 h2'  data-responsive-json-new='{\"font-size\":\"desktop:42px;\",\"line-height\":\"\"}' ><h2 style=\"font-weight:bold;\">Pol\u00edticas de privacidad<\/h2><\/div><div class=\"uvc-heading-spacer line_only\" style=\"margin-top:5px;margin-bottom:10px;height:3px;\"><span class=\"uvc-headings-line\" style=\"border-style:solid;border-bottom-width:3px;border-color:#1a9b9e;width:120px;\"><\/span><\/div><\/div><div class=\"ult-spacer spacer-69e89da6419ad\" data-id=\"69e89da6419ad\" data-height=\"20\" data-height-mobile=\"20\" data-height-tab=\"20\" data-height-tab-portrait=\"\" data-height-mobile-landscape=\"\" style=\"clear:both;display:block;\"><\/div><div class=\"wpb_text_column\" ><div class=\"wpb_wrapper\"><h3><strong>\u00bfQu\u00e9 informaci\u00f3n recopila Corpoweb Solutions LLC y c\u00f3mo se utiliza?<\/strong><\/h3>\n<\/div><\/div><div class=\"wpb_text_column\" ><div class=\"wpb_wrapper\"><div style=\"text-align: justify;\">\n<p><strong>General<\/strong><\/p>\n<p>La informaci\u00f3n que los clientes proporcionan a Corpoweb Solutions LLC se utiliza para permitir que nuestros clientes compren nuestros productos en l\u00ednea.<br \/>\nProporcionar a nuestros clientes contenido de sitio web personalizado adaptado a los intereses particulares de cada cliente individual.<br \/>\nPara mejorar continuamente la conveniencia y funcionalidad de nuestro sitio web.<br \/>\nPara an\u00e1lisis de mercado y otros fines internos<br \/>\nProporcionar a nuestros clientes promociones a trav\u00e9s de Corpoweb Solutions LLC, sus socios y las tiendas locales de Corpoweb Solutions LLC.<\/p>\n<p><strong>Cuenta \u00abSu Corpoweb Solutions LLC\u00bb<\/strong><\/p>\n<p>Cuando configure la cuenta \u201cSu Corpoweb Solutions LLC\u201d, se le pedir\u00e1 que proporcione su direcci\u00f3n de correo electr\u00f3nico y una contrase\u00f1a, as\u00ed como informaci\u00f3n sobre su veh\u00edculo. La informaci\u00f3n que proporciona en su cuenta \u201cSu Corpoweb Solutions LLC\u201d permite a Corpoweb Solutions LLC personalizar las b\u00fasquedas y facilitar el proceso de pedido. Durante el registro de la cuenta \u201cSu Corpoweb Solutions LLC\u201d, Corpoweb Solutions LLC le pedir\u00e1 su nombre, direcci\u00f3n, direcci\u00f3n de correo electr\u00f3nico y otra informaci\u00f3n personal, incluidos los datos sobre su autom\u00f3vil. Cuanta m\u00e1s informaci\u00f3n proporcione voluntariamente (y m\u00e1s precisa sea), mejor podr\u00e1 Corpoweb Solutions LLC personalizar su experiencia.<\/p>\n<p><strong>Ordenando<\/strong><\/p>\n<p>Nuestro sitio web utiliza tanto un carrito de compras como formularios de correo electr\u00f3nico para que los clientes soliciten informaci\u00f3n, productos y servicios. Podemos recopilar informaci\u00f3n de contacto de los clientes (como direcciones de correo electr\u00f3nico) e informaci\u00f3n financiera (como informaci\u00f3n de cuenta o tarjeta de cr\u00e9dito). Esta informaci\u00f3n nos permite procesar y cumplir con los pedidos de nuestros clientes y notificar a nuestros clientes sobre el estado de su pedido. Cuando proporciona informaci\u00f3n de la tarjeta de cr\u00e9dito en nuestro formulario en l\u00ednea, est\u00e1 conectado a un servidor seguro, que cifra la informaci\u00f3n de la tarjeta de cr\u00e9dito a trav\u00e9s de Internet.<\/p>\n<p><strong>Encuestas y promociones<\/strong><\/p>\n<p>Ocasionalmente, podemos solicitar informaci\u00f3n a los usuarios a trav\u00e9s de encuestas o concursos. La participaci\u00f3n en estas encuestas o concursos es completamente voluntaria y, por lo tanto, el usuario tiene la opci\u00f3n de revelar o no esta informaci\u00f3n. La informaci\u00f3n solicitada puede incluir informaci\u00f3n de contacto (como nombre y direcci\u00f3n de env\u00edo) e informaci\u00f3n demogr\u00e1fica (como c\u00f3digo postal, edad y \/ o rango de ingresos). La informaci\u00f3n de contacto se utilizar\u00e1 para notificar a los ganadores y otorgar premios.<br \/>\nLa informaci\u00f3n de la encuesta se utilizar\u00e1 para monitorear o mejorar el uso y la satisfacci\u00f3n de este sitio. Tambi\u00e9n podemos utilizar estos datos para personalizar la experiencia del cliente en nuestro sitio, mostr\u00e1ndoles contenido que creemos que les podr\u00eda interesar y mostr\u00e1ndoles el contenido de acuerdo con sus preferencias. Adem\u00e1s, esta informaci\u00f3n puede ser utilizada internamente por Corpoweb Solutions LLC para an\u00e1lisis de mercado y otros prop\u00f3sitos.<\/p>\n<p><strong>Informaci\u00f3n financiera<\/strong><\/p>\n<p>La informaci\u00f3n financiera que se recopila solo se utiliza para facturar al usuario los productos y servicios solicitados en Corpoweb Solutions LLC y por ning\u00fan otro motivo. Corpoweb Solutions LLC no almacena informaci\u00f3n de tarjetas de cr\u00e9dito en sus servidores o sistemas.<\/p>\n<p><strong>Listas de correo<\/strong><\/p>\n<p>La informaci\u00f3n de contacto del formulario de registro de \u201cYour Corpoweb Solutions LLC\u201d, los formularios de pedido, los formularios de concurso y otras fuentes tambi\u00e9n se utilizan para enviar materiales promocionales a nuestros clientes. Adem\u00e1s, la informaci\u00f3n de contacto del cliente se puede compartir con socios seleccionados de Corpoweb Solutions LLC que deseen ponerse en contacto con nuestros visitantes. Los usuarios pueden optar por no recibir actualizaciones futuras marcando la casilla correspondiente al abrir o modificar su cuenta &#8220;Your Corpoweb Solutions LLC&#8221;.<br \/>\n\u00bfC\u00f3mo protege Corpoweb Solutions LLC la informaci\u00f3n que recopila?<br \/>\nContrase\u00f1as Para brindarle un mayor nivel de seguridad, el acceso a su informaci\u00f3n personal est\u00e1 protegido con una contrase\u00f1a, que usted selecciona. Recomendamos encarecidamente que no revele su contrase\u00f1a a nadie.<\/p>\n<p><strong>Registro e informaci\u00f3n financiera<\/strong><\/p>\n<p>Toda la informaci\u00f3n personal que proporciona a Corpoweb Solutions LLC, incluidos nombres, direcciones, informaci\u00f3n de contacto e informaci\u00f3n de tarjetas de cr\u00e9dito, se almacena en una base de datos segura. Utilizamos las mejores pr\u00e1cticas de la industria para garantizar que sus datos est\u00e9n seguros.<\/p>\n<p><strong>Servidor seguro<\/strong><\/p>\n<p>Cuando realiza pedidos a trav\u00e9s de nuestro sitio web, transmitir\u00e1 la informaci\u00f3n de su pedido, incluido el n\u00famero de su tarjeta de cr\u00e9dito, a nuestro servidor seguro. Nuestro servidor seguro utiliza el software Secure Socket Layer (SSL), que nos permite recibir informaci\u00f3n que su navegador web encripta antes de transmitirnos. Dado que cualquier informaci\u00f3n de pedido que proporcione a Corpoweb Solutions LLC se transmitir\u00e1 mediante una conexi\u00f3n segura, los clientes con navegadores web que no puedan admitir este nivel de seguridad no podr\u00e1n realizar pedidos de productos a trav\u00e9s de <strong>Corpoweb Solutions LLC.<\/strong><\/p>\n<\/div>\n<\/div><\/div><\/div><\/div><\/div><div class=\"vc_col-sm-6 wpb_column vc_column_container\"><div class=\"vc_column-inner\"><div class=\"wpb_wrapper\"><div class=\"wpb_text_column\" ><div class=\"wpb_wrapper\"><p><strong>Visualizaci\u00f3n de la informaci\u00f3n de la tarjeta de cr\u00e9dito<\/strong><\/p>\n<p>Corpoweb Solutions LLC nunca mostrar\u00e1 m\u00e1s de cinco d\u00edgitos del n\u00famero de su tarjeta de cr\u00e9dito en la pantalla o en ninguna factura para su protecci\u00f3n.<br \/>\nLa informaci\u00f3n de la encuesta se utilizar\u00e1 para monitorear o mejorar el uso y la satisfacci\u00f3n de este sitio. Tambi\u00e9n podemos utilizar estos datos para personalizar la experiencia del cliente en nuestro sitio, mostr\u00e1ndoles contenido que creemos que les podr\u00eda interesar y mostr\u00e1ndoles el contenido de acuerdo con sus preferencias. Adem\u00e1s, esta informaci\u00f3n puede ser utilizada internamente por Corpoweb Solutions LLC para an\u00e1lisis de mercado y otros prop\u00f3sitos.<br \/>\n\u00bfCorpoweb Solutions LLC comparte su informaci\u00f3n con otras empresas?<\/p>\n<p><strong>General<\/strong><\/p>\n<p>Corpoweb Solutions LLC no vende su informaci\u00f3n personal a terceros. Sin embargo, podemos proporcionar su informaci\u00f3n a terceros confiables (incluidas las \u201cTiendas locales de Corpoweb Solutions LLC\u201d) para que puedan enviarle ofertas de productos y servicios que puedan ser de su inter\u00e9s. Los usuarios pueden optar por no recibir correos futuros marcando la casilla correspondiente al abrir o modificar su cuenta &#8220;Your Corpoweb Solutions LLC&#8221;.<\/p>\n<p><strong>Estad\u00edsticas agregadas<\/strong><\/p>\n<p>Corpoweb Solutions LLC puede proporcionar estad\u00edsticas agregadas sobre nuestros clientes, ventas, patrones de tr\u00e1fico e informaci\u00f3n relacionada con el sitio a terceros proveedores de confianza. Sin embargo, estas estad\u00edsticas no incluir\u00e1n informaci\u00f3n de identificaci\u00f3n personal.<\/p>\n<p><strong>Informaci\u00f3n de la cuenta<\/strong><\/p>\n<p>Corpoweb Solutions LLC puede divulgar informaci\u00f3n de la cuenta si cree, de buena fe, que dicha divulgaci\u00f3n es razonablemente necesaria para (1) cumplir con la ley, (2) hacer cumplir o aplicar las disposiciones de nuestros T\u00e9rminos y condiciones, o (3) proteger la derechos, propiedad o seguridad de Corpoweb Solutions LLC, nuestros clientes u otras personas.<\/p>\n<p><strong>Verificaci\u00f3n de tarjeta de cr\u00e9dito<\/strong><\/p>\n<p>Tenga en cuenta que cuando solicite productos y servicios de Corpoweb Solutions LLC, utilizaremos una compa\u00f1\u00eda de verificaci\u00f3n de tarjetas de cr\u00e9dito para validar la tarjeta de cr\u00e9dito y otra informaci\u00f3n que proporcione antes de que podamos completar su pedido. Tenemos un acuerdo con dicha empresa para garantizar que la informaci\u00f3n personal de nuestros clientes se mantenga confidencial. No solo es el mismo proceso de verificaci\u00f3n de cr\u00e9dito que se usar\u00eda si presentara su tarjeta de cr\u00e9dito en cualquier tienda de Corpoweb Solutions LLC, sino que existe una protecci\u00f3n adicional en el sentido de que la informaci\u00f3n de facturaci\u00f3n que proporciona para su tarjeta de cr\u00e9dito nos permite verificar que usted est\u00e1 el propietario leg\u00edtimo de la tarjeta.<\/p>\n<p>\u00bfQu\u00e9 son las &#8220;cookies&#8221; y c\u00f3mo las utiliza Corpoweb Solutions LLC?<br \/>\nLas &#8220;cookies&#8221; son piezas de informaci\u00f3n que nuestro sitio web puede enviar a su navegador y que luego se pueden almacenar en el disco duro de su computadora para que podamos reconocerlo cuando regrese. Todas las p\u00e1ginas de Corpoweb Solutions LLC donde se le solicita que inicie sesi\u00f3n o que son personalizables requieren que acepte las cookies. Tambi\u00e9n podemos utilizar anuncios en nuestro sitio web que contengan cookies. Nuestras cookies contienen informaci\u00f3n de identificaci\u00f3n personal, como la direcci\u00f3n de correo electr\u00f3nico, que nos permite proporcionar funciones como almacenar art\u00edculos en su carrito de compras entre visitas y crear un sitio web personalizado basado en su veh\u00edculo en particular. La mayor\u00eda de los navegadores web aceptan cookies autom\u00e1ticamente, pero normalmente puede cambiar su navegador para evitarlo.<\/p>\n<p><strong>\u00bfPueden los clientes actualizar o cambiar su informaci\u00f3n una vez que se ha introducido?<\/strong><\/p>\n<p>Puede acceder a su informaci\u00f3n personal en cualquier momento para actualizar, corregir, agregar o eliminar cualquiera de los datos que nos haya proporcionado. Para hacerlo, acceda a la p\u00e1gina &#8220;Su cuenta&#8221; del sitio web con su cuenta de correo electr\u00f3nico y contrase\u00f1a.<\/p>\n<p>Al utilizar el sitio web de Corpoweb Solutions LLC, usted acepta la recopilaci\u00f3n y el uso de esta informaci\u00f3n por Corpoweb Solutions LLC. Si decidimos cambiar nuestra Pol\u00edtica de privacidad, publicaremos esos cambios en esta p\u00e1gina para que siempre sepa qu\u00e9 informaci\u00f3n recopilamos, c\u00f3mo la usamos y bajo qu\u00e9 circunstancias la divulgamos. Tomaremos medidas comercialmente razonables para obtener el consentimiento por correo electr\u00f3nico escrito o activo de nuestros miembros si Corpoweb Solutions LLC va a utilizar la Informaci\u00f3n de identificaci\u00f3n personal recopilada del usuario de una manera diferente a la establecida en el momento de la recopilaci\u00f3n. Tambi\u00e9n publicaremos los cambios en nuestra declaraci\u00f3n de privacidad en esta p\u00e1gina.<\/p>\n<p>Gracias por visitar <a href=\"https:\/\/www.corpoweb.com\">www.corpoweb.com<\/a><\/p>\n<\/div><\/div><\/div><\/div><\/div><\/div><\/div><\/div><\/div><\/div><\/div><\/section>\n","protected":false},"excerpt":{"rendered":"Pol\u00edticas de privacidad\u00bfQu\u00e9 informaci\u00f3n recopila Corpoweb Solutions LLC y c\u00f3mo se utiliza? General La informaci\u00f3n que los clientes proporcionan a Corpoweb Solutions LLC se utiliza para permitir que nuestros clientes compren nuestros productos en l\u00ednea. Proporcionar a nuestros clientes contenido de sitio web personalizado adaptado a los intereses particulares de cada cliente individual. Para mejorar...","protected":false},"author":1,"featured_media":0,"parent":0,"menu_order":0,"comment_status":"closed","ping_status":"closed","template":"","meta":{"footnotes":""},"acf":[],"yoast_head":"<!-- This site is optimized with the Yoast SEO plugin v16.5 - https:\/\/yoast.com\/wordpress\/plugins\/seo\/ -->\n<title>Pol\u00edticas de privacidad - Corpoweb Solutions LLC<\/title>\n<meta name=\"robots\" content=\"index, follow, max-snippet:-1, max-image-preview:large, max-video-preview:-1\" \/>\n<link rel=\"canonical\" href=\"https:\/\/www.corpoweb.com\/es\/privacy-policies\/\" \/>\n<meta property=\"og:locale\" content=\"es_ES\" \/>\n<meta property=\"og:type\" content=\"article\" \/>\n<meta property=\"og:title\" content=\"Pol\u00edticas de privacidad - Corpoweb Solutions LLC\" \/>\n<meta property=\"og:url\" content=\"https:\/\/www.corpoweb.com\/es\/privacy-policies\/\" \/>\n<meta property=\"og:site_name\" content=\"Corpoweb Solutions LLC\" \/>\n<meta property=\"article:modified_time\" content=\"2021-08-12T18:03:33+00:00\" \/>\n<meta name=\"twitter:card\" content=\"summary_large_image\" \/>\n<meta name=\"twitter:label1\" content=\"Tiempo de lectura\" \/>\n\t<meta name=\"twitter:data1\" content=\"7 minutos\" \/>\n<script type=\"application\/ld+json\" class=\"yoast-schema-graph\">{\"@context\":\"https:\/\/schema.org\",\"@graph\":[{\"@type\":\"WebSite\",\"@id\":\"https:\/\/www.corpoweb.com\/#website\",\"url\":\"https:\/\/www.corpoweb.com\/\",\"name\":\"Corpoweb Solutions LLC\",\"description\":\"We are an agency with 21 years of experience in web design, web development, graphic design, advertising, multimedia presentations and virtual catalogues in Orlando Florida\",\"potentialAction\":[{\"@type\":\"SearchAction\",\"target\":\"https:\/\/www.corpoweb.com\/?s={search_term_string}\",\"query-input\":\"required name=search_term_string\"}],\"inLanguage\":\"es\"},{\"@type\":\"WebPage\",\"@id\":\"https:\/\/www.corpoweb.com\/es\/privacy-policies\/#webpage\",\"url\":\"https:\/\/www.corpoweb.com\/es\/privacy-policies\/\",\"name\":\"Pol\\u00edticas de privacidad - Corpoweb Solutions LLC\",\"isPartOf\":{\"@id\":\"https:\/\/www.corpoweb.com\/#website\"},\"datePublished\":\"2021-08-12T17:49:47+00:00\",\"dateModified\":\"2021-08-12T18:03:33+00:00\",\"breadcrumb\":{\"@id\":\"https:\/\/www.corpoweb.com\/es\/privacy-policies\/#breadcrumb\"},\"inLanguage\":\"es\",\"potentialAction\":[{\"@type\":\"ReadAction\",\"target\":[\"https:\/\/www.corpoweb.com\/es\/privacy-policies\/\"]}]},{\"@type\":\"BreadcrumbList\",\"@id\":\"https:\/\/www.corpoweb.com\/es\/privacy-policies\/#breadcrumb\",\"itemListElement\":[{\"@type\":\"ListItem\",\"position\":1,\"name\":\"Home\",\"item\":\"https:\/\/www.corpoweb.com\/es\/\"},{\"@type\":\"ListItem\",\"position\":2,\"name\":\"Pol\\u00edticas de privacidad\"}]}]}<\/script>\n<!-- \/ Yoast SEO plugin. -->","_links":{"self":[{"href":"https:\/\/www.corpoweb.com\/es\/wp-json\/wp\/v2\/pages\/12084"}],"collection":[{"href":"https:\/\/www.corpoweb.com\/es\/wp-json\/wp\/v2\/pages"}],"about":[{"href":"https:\/\/www.corpoweb.com\/es\/wp-json\/wp\/v2\/types\/page"}],"author":[{"embeddable":true,"href":"https:\/\/www.corpoweb.com\/es\/wp-json\/wp\/v2\/users\/1"}],"replies":[{"embeddable":true,"href":"https:\/\/www.corpoweb.com\/es\/wp-json\/wp\/v2\/comments?post=12084"}],"version-history":[{"count":3,"href":"https:\/\/www.corpoweb.com\/es\/wp-json\/wp\/v2\/pages\/12084\/revisions"}],"predecessor-version":[{"id":12090,"href":"https:\/\/www.corpoweb.com\/es\/wp-json\/wp\/v2\/pages\/12084\/revisions\/12090"}],"wp:attachment":[{"href":"https:\/\/www.corpoweb.com\/es\/wp-json\/wp\/v2\/media?parent=12084"}],"curies":[{"name":"wp","href":"https:\/\/api.w.org\/{rel}","templated":true}]}}